{"id":465,"date":"2024-01-25T20:53:50","date_gmt":"2024-01-25T19:53:50","guid":{"rendered":"https:\/\/servelectric.cl\/?page_id=465"},"modified":"2024-02-26T20:15:59","modified_gmt":"2024-02-26T19:15:59","slug":"asesorias","status":"publish","type":"page","link":"https:\/\/servelectric.cl\/index.php\/asesorias\/","title":{"rendered":"Asesor\u00edas"},"content":{"rendered":"\t\t<div data-elementor-type=\"wp-page\" data-elementor-id=\"465\" class=\"elementor elementor-465\">\n\t\t\t\t<div class=\"elementor-element elementor-element-be397a2 e-flex e-con-boxed e-con e-parent\" data-id=\"be397a2\" data-element_type=\"container\" data-settings=\"{&quot;content_width&quot;:&quot;boxed&quot;}\" data-core-v316-plus=\"true\">\n\t\t\t\t\t<div class=\"e-con-inner\">\n\t\t\t\t<div class=\"elementor-element elementor-element-8549152 elementor-widget elementor-widget-spacer\" data-id=\"8549152\" data-element_type=\"widget\" data-widget_type=\"spacer.default\">\n\t\t\t\t<div class=\"elementor-widget-container\">\n\t\t\t<style>\/*! elementor - v3.19.0 - 07-02-2024 *\/\n.elementor-column .elementor-spacer-inner{height:var(--spacer-size)}.e-con{--container-widget-width:100%}.e-con-inner>.elementor-widget-spacer,.e-con>.elementor-widget-spacer{width:var(--container-widget-width,var(--spacer-size));--align-self:var(--container-widget-align-self,initial);--flex-shrink:0}.e-con-inner>.elementor-widget-spacer>.elementor-widget-container,.e-con>.elementor-widget-spacer>.elementor-widget-container{height:100%;width:100%}.e-con-inner>.elementor-widget-spacer>.elementor-widget-container>.elementor-spacer,.e-con>.elementor-widget-spacer>.elementor-widget-container>.elementor-spacer{height:100%}.e-con-inner>.elementor-widget-spacer>.elementor-widget-container>.elementor-spacer>.elementor-spacer-inner,.e-con>.elementor-widget-spacer>.elementor-widget-container>.elementor-spacer>.elementor-spacer-inner{height:var(--container-widget-height,var(--spacer-size))}.e-con-inner>.elementor-widget-spacer.elementor-widget-empty,.e-con>.elementor-widget-spacer.elementor-widget-empty{position:relative;min-height:22px;min-width:22px}.e-con-inner>.elementor-widget-spacer.elementor-widget-empty .elementor-widget-empty-icon,.e-con>.elementor-widget-spacer.elementor-widget-empty .elementor-widget-empty-icon{position:absolute;top:0;bottom:0;left:0;right:0;margin:auto;padding:0;width:22px;height:22px}<\/style>\t\t<div class=\"elementor-spacer\">\n\t\t\t<div class=\"elementor-spacer-inner\"><\/div>\n\t\t<\/div>\n\t\t\t\t<\/div>\n\t\t\t\t<\/div>\n\t\t\t\t\t<\/div>\n\t\t\t\t<\/div>\n\t\t\t\t<section class=\"elementor-section elementor-top-section elementor-element elementor-element-5ff08ed elementor-section-full_width elementor-section-height-min-height elementor-section-items-top elementor-section-height-default\" data-id=\"5ff08ed\" data-element_type=\"section\" data-settings=\"{&quot;background_background&quot;:&quot;classic&quot;}\">\n\t\t\t\t\t\t\t<div class=\"elementor-background-overlay\"><\/div>\n\t\t\t\t\t\t\t<div class=\"elementor-container elementor-column-gap-default\">\n\t\t\t\t\t<div class=\"elementor-column elementor-col-100 elementor-top-column elementor-element elementor-element-2d5ad31\" data-id=\"2d5ad31\" data-element_type=\"column\">\n\t\t\t<div class=\"elementor-widget-wrap elementor-element-populated\">\n\t\t\t\t\t\t<section class=\"elementor-section elementor-inner-section elementor-element elementor-element-04438ae elementor-section-boxed elementor-section-height-default elementor-section-height-default\" data-id=\"04438ae\" data-element_type=\"section\">\n\t\t\t\t\t\t<div class=\"elementor-container elementor-column-gap-default\">\n\t\t\t\t\t<div class=\"elementor-column elementor-col-100 elementor-inner-column elementor-element elementor-element-255ece1\" data-id=\"255ece1\" data-element_type=\"column\">\n\t\t\t<div class=\"elementor-widget-wrap elementor-element-populated\">\n\t\t\t\t\t\t<div class=\"elementor-element elementor-element-218c3c0 elementor-widget elementor-widget-heading\" data-id=\"218c3c0\" data-element_type=\"widget\" data-widget_type=\"heading.default\">\n\t\t\t\t<div class=\"elementor-widget-container\">\n\t\t\t<style>\/*! elementor - v3.19.0 - 07-02-2024 *\/\n.elementor-heading-title{padding:0;margin:0;line-height:1}.elementor-widget-heading .elementor-heading-title[class*=elementor-size-]>a{color:inherit;font-size:inherit;line-height:inherit}.elementor-widget-heading .elementor-heading-title.elementor-size-small{font-size:15px}.elementor-widget-heading .elementor-heading-title.elementor-size-medium{font-size:19px}.elementor-widget-heading .elementor-heading-title.elementor-size-large{font-size:29px}.elementor-widget-heading .elementor-heading-title.elementor-size-xl{font-size:39px}.elementor-widget-heading .elementor-heading-title.elementor-size-xxl{font-size:59px}<\/style><h1 class=\"elementor-heading-title elementor-size-default\"><h2 class=\"elementor-heading-title elementor-size-default elementor-inline-editing pen\" data-elementor-setting-key=\"title\" data-pen-placeholder=\"Teclea aqu\u00ed...\" style=\"transition-duration: 1s;\">ASESOR\u00cdAS<\/h2><\/h1>\t\t<\/div>\n\t\t\t\t<\/div>\n\t\t\t\t<div class=\"elementor-element elementor-element-66ca02c elementor-widget-mobile__width-inherit elementor-widget-tablet__width-inherit elementor-widget elementor-widget-text-editor\" data-id=\"66ca02c\" data-element_type=\"widget\" data-widget_type=\"text-editor.default\">\n\t\t\t\t<div class=\"elementor-widget-container\">\n\t\t\t<style>\/*! elementor - v3.19.0 - 07-02-2024 *\/\n.elementor-widget-text-editor.elementor-drop-cap-view-stacked .elementor-drop-cap{background-color:#69727d;color:#fff}.elementor-widget-text-editor.elementor-drop-cap-view-framed .elementor-drop-cap{color:#69727d;border:3px solid;background-color:transparent}.elementor-widget-text-editor:not(.elementor-drop-cap-view-default) .elementor-drop-cap{margin-top:8px}.elementor-widget-text-editor:not(.elementor-drop-cap-view-default) .elementor-drop-cap-letter{width:1em;height:1em}.elementor-widget-text-editor .elementor-drop-cap{float:left;text-align:center;line-height:1;font-size:50px}.elementor-widget-text-editor .elementor-drop-cap-letter{display:inline-block}<\/style>\t\t\t\t\t\t\t\t\t\t<\/div>\n\t\t\t\t<\/div>\n\t\t\t\t\t<\/div>\n\t\t<\/div>\n\t\t\t\t\t<\/div>\n\t\t<\/section>\n\t\t\t\t\t<\/div>\n\t\t<\/div>\n\t\t\t\t\t<\/div>\n\t\t<\/section>\n\t\t<div class=\"elementor-element elementor-element-391f479 e-flex e-con-boxed e-con e-parent\" data-id=\"391f479\" data-element_type=\"container\" data-settings=\"{&quot;content_width&quot;:&quot;boxed&quot;}\" data-core-v316-plus=\"true\">\n\t\t\t\t\t<div class=\"e-con-inner\">\n\t\t\t\t<div class=\"elementor-element elementor-element-90d8ddf elementor-widget elementor-widget-text-editor\" data-id=\"90d8ddf\" data-element_type=\"widget\" data-widget_type=\"text-editor.default\">\n\t\t\t\t<div class=\"elementor-widget-container\">\n\t\t\t\t\t\t\t<h5 style=\"text-align: center;\"><span style=\"color: #000000;\"><strong>SERVELECTRIC<\/strong>, ofrece desarrollos de proyectos de ingenier\u00eda el\u00e9ctrica, orientados a clientes del sector residencial, comercial e industrial. Nuestra fortaleza radica en ofrecer una gesti\u00f3n profesional y confiable, respaldada por nuestra experiencia. El principal enfoque es incorporar a todos sus proyectos, aspectos de eficiencia energ\u00e9tica, funcionalidad y seguridad.<\/span><\/h5>\t\t\t\t\t\t<\/div>\n\t\t\t\t<\/div>\n\t\t\t\t\t<\/div>\n\t\t\t\t<\/div>\n\t\t<div class=\"elementor-element elementor-element-3cd717c e-con-full e-flex elementor-invisible e-con e-parent\" data-id=\"3cd717c\" data-element_type=\"container\" data-settings=\"{&quot;content_width&quot;:&quot;full&quot;,&quot;animation&quot;:&quot;pulse&quot;}\" data-core-v316-plus=\"true\">\n\t\t<div class=\"elementor-element elementor-element-e808ccb e-con-full e-flex e-con e-child\" data-id=\"e808ccb\" data-element_type=\"container\" data-settings=\"{&quot;content_width&quot;:&quot;full&quot;,&quot;background_background&quot;:&quot;classic&quot;}\">\n\t\t\t\t<div class=\"elementor-element elementor-element-003977a elementor-position-top elementor-widget elementor-widget-image-box\" data-id=\"003977a\" data-element_type=\"widget\" data-widget_type=\"image-box.default\">\n\t\t\t\t<div class=\"elementor-widget-container\">\n\t\t\t<style>\/*! elementor - v3.19.0 - 07-02-2024 *\/\n.elementor-widget-image-box .elementor-image-box-content{width:100%}@media (min-width:768px){.elementor-widget-image-box.elementor-position-left .elementor-image-box-wrapper,.elementor-widget-image-box.elementor-position-right .elementor-image-box-wrapper{display:flex}.elementor-widget-image-box.elementor-position-right .elementor-image-box-wrapper{text-align:right;flex-direction:row-reverse}.elementor-widget-image-box.elementor-position-left .elementor-image-box-wrapper{text-align:left;flex-direction:row}.elementor-widget-image-box.elementor-position-top .elementor-image-box-img{margin:auto}.elementor-widget-image-box.elementor-vertical-align-top .elementor-image-box-wrapper{align-items:flex-start}.elementor-widget-image-box.elementor-vertical-align-middle .elementor-image-box-wrapper{align-items:center}.elementor-widget-image-box.elementor-vertical-align-bottom .elementor-image-box-wrapper{align-items:flex-end}}@media (max-width:767px){.elementor-widget-image-box .elementor-image-box-img{margin-left:auto!important;margin-right:auto!important;margin-bottom:15px}}.elementor-widget-image-box .elementor-image-box-img{display:inline-block}.elementor-widget-image-box .elementor-image-box-title a{color:inherit}.elementor-widget-image-box .elementor-image-box-wrapper{text-align:center}.elementor-widget-image-box .elementor-image-box-description{margin:0}<\/style><div class=\"elementor-image-box-wrapper\"><figure class=\"elementor-image-box-img\"><img fetchpriority=\"high\" decoding=\"async\" width=\"1200\" height=\"1200\" src=\"https:\/\/servelectric.cl\/wp-content\/uploads\/2024\/01\/pngtree-power-lineman-electrician-png-image_13377739.png\" class=\"attachment-full size-full wp-image-473\" alt=\"\" srcset=\"https:\/\/servelectric.cl\/wp-content\/uploads\/2024\/01\/pngtree-power-lineman-electrician-png-image_13377739.png 1200w, https:\/\/servelectric.cl\/wp-content\/uploads\/2024\/01\/pngtree-power-lineman-electrician-png-image_13377739-300x300.png 300w, https:\/\/servelectric.cl\/wp-content\/uploads\/2024\/01\/pngtree-power-lineman-electrician-png-image_13377739-1024x1024.png 1024w, https:\/\/servelectric.cl\/wp-content\/uploads\/2024\/01\/pngtree-power-lineman-electrician-png-image_13377739-150x150.png 150w, https:\/\/servelectric.cl\/wp-content\/uploads\/2024\/01\/pngtree-power-lineman-electrician-png-image_13377739-768x768.png 768w, https:\/\/servelectric.cl\/wp-content\/uploads\/2024\/01\/pngtree-power-lineman-electrician-png-image_13377739-600x600.png 600w\" sizes=\"(max-width: 1200px) 100vw, 1200px\" \/><\/figure><div class=\"elementor-image-box-content\"><h3 class=\"elementor-image-box-title\">MANTENCI\u00d3N EL\u00c9CTRICA<\/h3><p class=\"elementor-image-box-description\"><br>-Mantenci\u00f3n el\u00e9ctrica a tableros de transferencia TT.\n<br>- Levantamiento f\u00edsico y grafico de los tableros a intervenir.\n<br>- Se establece propuesta de plan de mantenci\u00f3n semestral.\n<br>- Mantenimiento de celdas fotovoltaicas monocristalinas.\n\n\n\n\n\n<\/p><\/div><\/div>\t\t<\/div>\n\t\t\t\t<\/div>\n\t\t\t\t<div class=\"elementor-element elementor-element-bf48286 elementor-position-top elementor-widget elementor-widget-image-box\" data-id=\"bf48286\" data-element_type=\"widget\" data-widget_type=\"image-box.default\">\n\t\t\t\t<div class=\"elementor-widget-container\">\n\t\t\t<div class=\"elementor-image-box-wrapper\"><figure class=\"elementor-image-box-img\"><img decoding=\"async\" width=\"598\" height=\"400\" src=\"https:\/\/servelectric.cl\/wp-content\/uploads\/2024\/01\/grupo23-caceres-extremadura.png\" class=\"attachment-full size-full wp-image-494\" alt=\"\" srcset=\"https:\/\/servelectric.cl\/wp-content\/uploads\/2024\/01\/grupo23-caceres-extremadura.png 598w, https:\/\/servelectric.cl\/wp-content\/uploads\/2024\/01\/grupo23-caceres-extremadura-300x201.png 300w\" sizes=\"(max-width: 598px) 100vw, 598px\" \/><\/figure><div class=\"elementor-image-box-content\"><h3 class=\"elementor-image-box-title\">PRUEBAS EL\u00c9CTRICAS<\/h3><p class=\"elementor-image-box-description\"><br>- Plan de mantenimiento preventivo de las instalaciones.\n<br>- Armado de rack de comunicaciones.\n<br>- Personal en sitio con alta especializaci\u00f3n.\n<br>- Ingenier\u00eda para correcto funcionamiento de las obras.\n<br>\n<br>\n\n\n\n<\/p><\/div><\/div>\t\t<\/div>\n\t\t\t\t<\/div>\n\t\t\t\t<\/div>\n\t\t<div class=\"elementor-element elementor-element-8a9a5cb e-con-full e-flex e-con e-child\" data-id=\"8a9a5cb\" data-element_type=\"container\" data-settings=\"{&quot;content_width&quot;:&quot;full&quot;,&quot;background_background&quot;:&quot;classic&quot;}\">\n\t\t\t\t<div class=\"elementor-element elementor-element-779b16c elementor-position-top elementor-widget elementor-widget-image-box\" data-id=\"779b16c\" data-element_type=\"widget\" data-widget_type=\"image-box.default\">\n\t\t\t\t<div class=\"elementor-widget-container\">\n\t\t\t<div class=\"elementor-image-box-wrapper\"><figure class=\"elementor-image-box-img\"><img decoding=\"async\" width=\"862\" height=\"790\" src=\"https:\/\/servelectric.cl\/wp-content\/uploads\/2024\/01\/slider-electrotecnic-servicio-cliente-1.png\" class=\"attachment-full size-full wp-image-476\" alt=\"\" srcset=\"https:\/\/servelectric.cl\/wp-content\/uploads\/2024\/01\/slider-electrotecnic-servicio-cliente-1.png 862w, https:\/\/servelectric.cl\/wp-content\/uploads\/2024\/01\/slider-electrotecnic-servicio-cliente-1-300x275.png 300w, https:\/\/servelectric.cl\/wp-content\/uploads\/2024\/01\/slider-electrotecnic-servicio-cliente-1-768x704.png 768w\" sizes=\"(max-width: 862px) 100vw, 862px\" \/><\/figure><div class=\"elementor-image-box-content\"><h3 class=\"elementor-image-box-title\">ORIENTACI\u00d3N<\/h3><p class=\"elementor-image-box-description\"><br>- Revisi\u00f3n previa de sistema el\u00e9ctrico bajo pliegos t\u00e9cnicos RIC 2021 de la SEC.\n<br>- Solicitud de empalmes mono y trif\u00e1sicos.\n<br>- Proyectos de urbanizaci\u00f3n el\u00e9ctrica como proyectos espec\u00edficos de la industria y certificaci\u00f3n para patente comercial o aumento de capacidad.\n\n\n\n\n\n\n<\/p><\/div><\/div>\t\t<\/div>\n\t\t\t\t<\/div>\n\t\t\t\t<div class=\"elementor-element elementor-element-5dc7423 elementor-position-top elementor-widget elementor-widget-image-box\" data-id=\"5dc7423\" data-element_type=\"widget\" data-widget_type=\"image-box.default\">\n\t\t\t\t<div class=\"elementor-widget-container\">\n\t\t\t<div class=\"elementor-image-box-wrapper\"><figure class=\"elementor-image-box-img\"><img loading=\"lazy\" decoding=\"async\" width=\"562\" height=\"504\" src=\"https:\/\/servelectric.cl\/wp-content\/uploads\/2024\/01\/image-triangle-5.png\" class=\"attachment-full size-full wp-image-485\" alt=\"\" srcset=\"https:\/\/servelectric.cl\/wp-content\/uploads\/2024\/01\/image-triangle-5.png 562w, https:\/\/servelectric.cl\/wp-content\/uploads\/2024\/01\/image-triangle-5-300x269.png 300w\" sizes=\"(max-width: 562px) 100vw, 562px\" \/><\/figure><div class=\"elementor-image-box-content\"><h3 class=\"elementor-image-box-title\">DOCUMENTACI\u00d3N<\/h3><p class=\"elementor-image-box-description\"><br>- Automatizaci\u00f3n de portones con final de carrera y temporizador.\n<br>- Sistema de video vigilancia CCTV y instalaci\u00f3n de c\u00e1maras nocturnas con visi\u00f3n infrarroja. Instalaci\u00f3n de balizas persuasivas en acceso a condominio.\n<br><br>\n\n\n<\/p><\/div><\/div>\t\t<\/div>\n\t\t\t\t<\/div>\n\t\t\t\t<\/div>\n\t\t\t\t<\/div>\n\t\t<div class=\"elementor-element elementor-element-c6ede02 e-flex e-con-boxed e-con e-parent\" data-id=\"c6ede02\" data-element_type=\"container\" data-settings=\"{&quot;content_width&quot;:&quot;boxed&quot;}\" data-core-v316-plus=\"true\">\n\t\t\t\t\t<div class=\"e-con-inner\">\n\t\t<div class=\"elementor-element elementor-element-d4c88f7 e-con-full e-flex e-con e-child\" data-id=\"d4c88f7\" data-element_type=\"container\" data-settings=\"{&quot;content_width&quot;:&quot;full&quot;}\">\n\t\t\t\t<\/div>\n\t\t<div class=\"elementor-element elementor-element-edc47df e-con-full e-flex e-con e-child\" data-id=\"edc47df\" data-element_type=\"container\" data-settings=\"{&quot;content_width&quot;:&quot;full&quot;}\">\n\t\t\t\t<div class=\"elementor-element elementor-element-8150254 elementor-position-top elementor-widget elementor-widget-image-box\" data-id=\"8150254\" data-element_type=\"widget\" data-widget_type=\"image-box.default\">\n\t\t\t\t<div class=\"elementor-widget-container\">\n\t\t\t<div class=\"elementor-image-box-wrapper\"><figure class=\"elementor-image-box-img\"><img loading=\"lazy\" decoding=\"async\" width=\"700\" height=\"865\" src=\"https:\/\/servelectric.cl\/wp-content\/uploads\/2024\/02\/tecnico-electricista-en-Lima-Sin-Fondo-1.png\" class=\"attachment-full size-full wp-image-882\" alt=\"\" srcset=\"https:\/\/servelectric.cl\/wp-content\/uploads\/2024\/02\/tecnico-electricista-en-Lima-Sin-Fondo-1.png 700w, https:\/\/servelectric.cl\/wp-content\/uploads\/2024\/02\/tecnico-electricista-en-Lima-Sin-Fondo-1-243x300.png 243w\" sizes=\"(max-width: 700px) 100vw, 700px\" \/><\/figure><div class=\"elementor-image-box-content\"><h3 class=\"elementor-image-box-title\">INGENIER\u00cdA EN TERRENO<\/h3><p class=\"elementor-image-box-description\"><br>- Instalaciones el\u00e9ctricas.\n<br>- Instalaciones de control y fuerza.\n<br>- Ejecuci\u00f3n de obra hasta posterior\nconexi\u00f3n.\n<br>- Estudio de resistividad de terreno.\n<br>- Mediciones el\u00e9ctricas varias de rutina\n<br>\n<br>\n\n\n\n<\/p><\/div><\/div>\t\t<\/div>\n\t\t\t\t<\/div>\n\t\t\t\t<\/div>\n\t\t<div class=\"elementor-element elementor-element-c805a7e e-con-full e-flex e-con e-child\" data-id=\"c805a7e\" data-element_type=\"container\" data-settings=\"{&quot;content_width&quot;:&quot;full&quot;}\">\n\t\t\t\t<\/div>\n\t\t\t\t\t<\/div>\n\t\t\t\t<\/div>\n\t\t\t\t<\/div>\n\t\t","protected":false},"excerpt":{"rendered":"<p>ASESOR\u00cdAS SERVELECTRIC, ofrece desarrollos de proyectos de ingenier\u00eda el\u00e9ctrica, orientados a clientes del sector residencial, comercial e industrial. Nuestra fortaleza radica en ofrecer una gesti\u00f3n profesional y confiable, respaldada por nuestra experiencia. El principal enfoque es incorporar a todos sus proyectos, aspectos de eficiencia energ\u00e9tica, funcionalidad y seguridad. MANTENCI\u00d3N EL\u00c9CTRICA -Mantenci\u00f3n el\u00e9ctrica a tableros de [&hellip;]<\/p>\n","protected":false},"author":1,"featured_media":0,"parent":0,"menu_order":0,"comment_status":"closed","ping_status":"closed","template":"","meta":{"_regular_price":[],"currency_symbol":[],"footnotes":""},"post_slider_layout_featured_media_urls":{"thumbnail":"","post_slider_layout_landscape_large":"","post_slider_layout_portrait_large":"","post_slider_layout_square_large":"","post_slider_layout_landscape":"","post_slider_layout_portrait":"","post_slider_layout_square":"","full":""},"_links":{"self":[{"href":"https:\/\/servelectric.cl\/index.php\/wp-json\/wp\/v2\/pages\/465"}],"collection":[{"href":"https:\/\/servelectric.cl\/index.php\/wp-json\/wp\/v2\/pages"}],"about":[{"href":"https:\/\/servelectric.cl\/index.php\/wp-json\/wp\/v2\/types\/page"}],"author":[{"embeddable":true,"href":"https:\/\/servelectric.cl\/index.php\/wp-json\/wp\/v2\/users\/1"}],"replies":[{"embeddable":true,"href":"https:\/\/servelectric.cl\/index.php\/wp-json\/wp\/v2\/comments?post=465"}],"version-history":[{"count":93,"href":"https:\/\/servelectric.cl\/index.php\/wp-json\/wp\/v2\/pages\/465\/revisions"}],"predecessor-version":[{"id":1618,"href":"https:\/\/servelectric.cl\/index.php\/wp-json\/wp\/v2\/pages\/465\/revisions\/1618"}],"wp:attachment":[{"href":"https:\/\/servelectric.cl\/index.php\/wp-json\/wp\/v2\/media?parent=465"}],"curies":[{"name":"wp","href":"https:\/\/api.w.org\/{rel}","templated":true}]}}