{"id":54,"date":"2024-01-03T17:37:17","date_gmt":"2024-01-03T16:37:17","guid":{"rendered":"https:\/\/servelectric.cl\/?page_id=54"},"modified":"2024-02-25T19:54:44","modified_gmt":"2024-02-25T18:54:44","slug":"proyectos-fotovoltaicos","status":"publish","type":"page","link":"https:\/\/servelectric.cl\/index.php\/proyectos-fotovoltaicos\/","title":{"rendered":"Proyectos Fotovolt\u00e1icos"},"content":{"rendered":"\t\t<div data-elementor-type=\"wp-page\" data-elementor-id=\"54\" class=\"elementor elementor-54\">\n\t\t\t\t\t\t<section class=\"elementor-section elementor-top-section elementor-element elementor-element-1b54e08 elementor-section-full_width elementor-section-height-min-height elementor-section-items-top elementor-section-height-default\" data-id=\"1b54e08\" data-element_type=\"section\" data-settings=\"{&quot;background_background&quot;:&quot;classic&quot;}\">\n\t\t\t\t\t\t\t<div class=\"elementor-background-overlay\"><\/div>\n\t\t\t\t\t\t\t<div class=\"elementor-container elementor-column-gap-default\">\n\t\t\t\t\t<div class=\"elementor-column elementor-col-100 elementor-top-column elementor-element elementor-element-cd61528\" data-id=\"cd61528\" data-element_type=\"column\">\n\t\t\t<div class=\"elementor-widget-wrap elementor-element-populated\">\n\t\t\t\t\t\t<section class=\"elementor-section elementor-inner-section elementor-element elementor-element-d7b7b00 elementor-section-boxed elementor-section-height-default elementor-section-height-default\" data-id=\"d7b7b00\" data-element_type=\"section\">\n\t\t\t\t\t\t<div class=\"elementor-container elementor-column-gap-default\">\n\t\t\t\t\t<div class=\"elementor-column elementor-col-100 elementor-inner-column elementor-element elementor-element-37e3b65\" data-id=\"37e3b65\" data-element_type=\"column\">\n\t\t\t<div class=\"elementor-widget-wrap elementor-element-populated\">\n\t\t\t\t\t\t<div class=\"elementor-element elementor-element-3f1fafb elementor-widget elementor-widget-heading\" data-id=\"3f1fafb\" data-element_type=\"widget\" data-widget_type=\"heading.default\">\n\t\t\t\t<div class=\"elementor-widget-container\">\n\t\t\t<style>\/*! elementor - v3.19.0 - 07-02-2024 *\/\n.elementor-heading-title{padding:0;margin:0;line-height:1}.elementor-widget-heading .elementor-heading-title[class*=elementor-size-]>a{color:inherit;font-size:inherit;line-height:inherit}.elementor-widget-heading .elementor-heading-title.elementor-size-small{font-size:15px}.elementor-widget-heading .elementor-heading-title.elementor-size-medium{font-size:19px}.elementor-widget-heading .elementor-heading-title.elementor-size-large{font-size:29px}.elementor-widget-heading .elementor-heading-title.elementor-size-xl{font-size:39px}.elementor-widget-heading .elementor-heading-title.elementor-size-xxl{font-size:59px}<\/style><h1 class=\"elementor-heading-title elementor-size-default\"><h2 class=\"elementor-heading-title elementor-size-default elementor-inline-editing pen\" data-elementor-setting-key=\"title\" data-pen-placeholder=\"Teclea aqu\u00ed...\" style=\"transition-duration: 1s;\">Proyectos Fotovolt\u00e1icos<\/h2><\/h1>\t\t<\/div>\n\t\t\t\t<\/div>\n\t\t\t\t<div class=\"elementor-element elementor-element-ba368d6 elementor-widget-mobile__width-inherit elementor-widget-tablet__width-inherit elementor-widget elementor-widget-text-editor\" data-id=\"ba368d6\" data-element_type=\"widget\" data-widget_type=\"text-editor.default\">\n\t\t\t\t<div class=\"elementor-widget-container\">\n\t\t\t<style>\/*! elementor - v3.19.0 - 07-02-2024 *\/\n.elementor-widget-text-editor.elementor-drop-cap-view-stacked .elementor-drop-cap{background-color:#69727d;color:#fff}.elementor-widget-text-editor.elementor-drop-cap-view-framed .elementor-drop-cap{color:#69727d;border:3px solid;background-color:transparent}.elementor-widget-text-editor:not(.elementor-drop-cap-view-default) .elementor-drop-cap{margin-top:8px}.elementor-widget-text-editor:not(.elementor-drop-cap-view-default) .elementor-drop-cap-letter{width:1em;height:1em}.elementor-widget-text-editor .elementor-drop-cap{float:left;text-align:center;line-height:1;font-size:50px}.elementor-widget-text-editor .elementor-drop-cap-letter{display:inline-block}<\/style>\t\t\t\t\t\t\t\t\t\t<\/div>\n\t\t\t\t<\/div>\n\t\t\t\t\t<\/div>\n\t\t<\/div>\n\t\t\t\t\t<\/div>\n\t\t<\/section>\n\t\t\t\t\t<\/div>\n\t\t<\/div>\n\t\t\t\t\t<\/div>\n\t\t<\/section>\n\t\t<div class=\"elementor-element elementor-element-3377406 e-flex e-con-boxed e-con e-parent\" data-id=\"3377406\" data-element_type=\"container\" data-settings=\"{&quot;content_width&quot;:&quot;boxed&quot;}\" data-core-v316-plus=\"true\">\n\t\t\t\t\t<div class=\"e-con-inner\">\n\t\t\t\t<div class=\"elementor-element elementor-element-d84dfaa elementor-widget elementor-widget-text-editor\" data-id=\"d84dfaa\" data-element_type=\"widget\" data-widget_type=\"text-editor.default\">\n\t\t\t\t<div class=\"elementor-widget-container\">\n\t\t\t\t\t\t\t<h5 style=\"text-align: center;\"><span style=\"color: #000000;\"><strong>SERVELECTRIC<\/strong>, desde su nacimiento es una empresa comprometida con la conservaci\u00f3n del medio ambiente por lo que mediante nuestro servicio de instalaciones fotovoltaicas alentamos a nuestros clientes a tener una conciencia de ahorro energ\u00e9tico y conservaci\u00f3n de nuestro planeta. Importante en nuestras vidas es por eso que nuestros servicios est\u00e1n destinados a ofrecer innovaci\u00f3n y tecnolog\u00eda, para la tranquilidad de tu hogar e industria<\/span><br \/><span style=\"color: #000000;\">El principal enfoque es incorporar a todos sus proyectos aspectos de eficiencia energ\u00e9tica, funcionalidad y seguridad.<\/span><\/h5>\t\t\t\t\t\t<\/div>\n\t\t\t\t<\/div>\n\t\t\t\t\t<\/div>\n\t\t\t\t<\/div>\n\t\t<div class=\"elementor-element elementor-element-93986a4 e-con-full e-flex elementor-invisible e-con e-parent\" data-id=\"93986a4\" data-element_type=\"container\" data-settings=\"{&quot;content_width&quot;:&quot;full&quot;,&quot;animation&quot;:&quot;pulse&quot;}\" data-core-v316-plus=\"true\">\n\t\t<div class=\"elementor-element elementor-element-84c23b7 e-con-full e-flex e-con e-child\" data-id=\"84c23b7\" data-element_type=\"container\" data-settings=\"{&quot;content_width&quot;:&quot;full&quot;}\">\n\t\t\t\t<div class=\"elementor-element elementor-element-ba7de75 elementor-position-top elementor-widget elementor-widget-image-box\" data-id=\"ba7de75\" data-element_type=\"widget\" data-widget_type=\"image-box.default\">\n\t\t\t\t<div class=\"elementor-widget-container\">\n\t\t\t<style>\/*! elementor - v3.19.0 - 07-02-2024 *\/\n.elementor-widget-image-box .elementor-image-box-content{width:100%}@media (min-width:768px){.elementor-widget-image-box.elementor-position-left .elementor-image-box-wrapper,.elementor-widget-image-box.elementor-position-right .elementor-image-box-wrapper{display:flex}.elementor-widget-image-box.elementor-position-right .elementor-image-box-wrapper{text-align:right;flex-direction:row-reverse}.elementor-widget-image-box.elementor-position-left .elementor-image-box-wrapper{text-align:left;flex-direction:row}.elementor-widget-image-box.elementor-position-top .elementor-image-box-img{margin:auto}.elementor-widget-image-box.elementor-vertical-align-top .elementor-image-box-wrapper{align-items:flex-start}.elementor-widget-image-box.elementor-vertical-align-middle .elementor-image-box-wrapper{align-items:center}.elementor-widget-image-box.elementor-vertical-align-bottom .elementor-image-box-wrapper{align-items:flex-end}}@media (max-width:767px){.elementor-widget-image-box .elementor-image-box-img{margin-left:auto!important;margin-right:auto!important;margin-bottom:15px}}.elementor-widget-image-box .elementor-image-box-img{display:inline-block}.elementor-widget-image-box .elementor-image-box-title a{color:inherit}.elementor-widget-image-box .elementor-image-box-wrapper{text-align:center}.elementor-widget-image-box .elementor-image-box-description{margin:0}<\/style><div class=\"elementor-image-box-wrapper\"><figure class=\"elementor-image-box-img\"><img fetchpriority=\"high\" decoding=\"async\" width=\"840\" height=\"728\" src=\"https:\/\/servelectric.cl\/wp-content\/uploads\/2024\/01\/Baterias-y-acumuladores-como-dispositivos-de-almacenamiento-de-un-sistema-con-celdas-solares.png\" class=\"attachment-full size-full wp-image-568\" alt=\"\" srcset=\"https:\/\/servelectric.cl\/wp-content\/uploads\/2024\/01\/Baterias-y-acumuladores-como-dispositivos-de-almacenamiento-de-un-sistema-con-celdas-solares.png 840w, https:\/\/servelectric.cl\/wp-content\/uploads\/2024\/01\/Baterias-y-acumuladores-como-dispositivos-de-almacenamiento-de-un-sistema-con-celdas-solares-300x260.png 300w, https:\/\/servelectric.cl\/wp-content\/uploads\/2024\/01\/Baterias-y-acumuladores-como-dispositivos-de-almacenamiento-de-un-sistema-con-celdas-solares-768x666.png 768w\" sizes=\"(max-width: 840px) 100vw, 840px\" \/><\/figure><div class=\"elementor-image-box-content\"><h3 class=\"elementor-image-box-title\">SISTEMAS FOTOVOLTAICOS<\/h3><p class=\"elementor-image-box-description\"><br>-Mantenci\u00f3n el\u00e9ctrica a tableros de transferencia TT.\n<br>- Levantamiento f\u00edsico y grafico de los tableros a intervenir.\n<br>- Se establece propuesta de plan de mantenci\u00f3n semestral.\n<br>- Mantenimiento de celdas fotovoltaicas monocristalinas.\n<br>\n<br>\n\n\n\n\n<\/p><\/div><\/div>\t\t<\/div>\n\t\t\t\t<\/div>\n\t\t\t\t<\/div>\n\t\t<div class=\"elementor-element elementor-element-b42c8b7 e-con-full e-flex e-con e-child\" data-id=\"b42c8b7\" data-element_type=\"container\" data-settings=\"{&quot;content_width&quot;:&quot;full&quot;}\">\n\t\t\t\t<div class=\"elementor-element elementor-element-8aa8d51 elementor-position-top elementor-widget elementor-widget-image-box\" data-id=\"8aa8d51\" data-element_type=\"widget\" data-widget_type=\"image-box.default\">\n\t\t\t\t<div class=\"elementor-widget-container\">\n\t\t\t<div class=\"elementor-image-box-wrapper\"><figure class=\"elementor-image-box-img\"><img decoding=\"async\" width=\"512\" height=\"512\" src=\"https:\/\/servelectric.cl\/wp-content\/uploads\/2024\/01\/7c535f0ef8536c1c15408865425f5755-certificado-de-graduacion-certificado-plano.png\" class=\"attachment-full size-full wp-image-575\" alt=\"\" srcset=\"https:\/\/servelectric.cl\/wp-content\/uploads\/2024\/01\/7c535f0ef8536c1c15408865425f5755-certificado-de-graduacion-certificado-plano.png 512w, https:\/\/servelectric.cl\/wp-content\/uploads\/2024\/01\/7c535f0ef8536c1c15408865425f5755-certificado-de-graduacion-certificado-plano-300x300.png 300w, https:\/\/servelectric.cl\/wp-content\/uploads\/2024\/01\/7c535f0ef8536c1c15408865425f5755-certificado-de-graduacion-certificado-plano-150x150.png 150w\" sizes=\"(max-width: 512px) 100vw, 512px\" \/><\/figure><div class=\"elementor-image-box-content\"><h3 class=\"elementor-image-box-title\">CERTIFICACI\u00d3N<\/h3><p class=\"elementor-image-box-description\"><br>- Certificado SEC TE-4.\n<br>- Certificaci\u00f3n instalaciones fotovoltaicas bajo sistema off Grid.\n<br>- Requerimientos Normativos SEC.\n<br>- Plantas del marco legal de Chile.\n<br>\n<br><\/p><\/div><\/div>\t\t<\/div>\n\t\t\t\t<\/div>\n\t\t\t\t<\/div>\n\t\t\t\t<\/div>\n\t\t<div class=\"elementor-element elementor-element-d359854 e-flex e-con-boxed e-con e-parent\" data-id=\"d359854\" data-element_type=\"container\" data-settings=\"{&quot;content_width&quot;:&quot;boxed&quot;}\" data-core-v316-plus=\"true\">\n\t\t\t\t\t<div class=\"e-con-inner\">\n\t\t<div class=\"elementor-element elementor-element-ec56f1c e-con-full e-flex e-con e-child\" data-id=\"ec56f1c\" data-element_type=\"container\" data-settings=\"{&quot;content_width&quot;:&quot;full&quot;}\">\n\t\t\t\t<\/div>\n\t\t<div class=\"elementor-element elementor-element-71b2e29 e-con-full e-flex e-con e-child\" data-id=\"71b2e29\" data-element_type=\"container\" data-settings=\"{&quot;content_width&quot;:&quot;full&quot;}\">\n\t\t\t\t<div class=\"elementor-element elementor-element-b307111 elementor-position-top elementor-widget elementor-widget-image-box\" data-id=\"b307111\" data-element_type=\"widget\" data-widget_type=\"image-box.default\">\n\t\t\t\t<div class=\"elementor-widget-container\">\n\t\t\t<div class=\"elementor-image-box-wrapper\"><figure class=\"elementor-image-box-img\"><img decoding=\"async\" width=\"640\" height=\"640\" src=\"https:\/\/servelectric.cl\/wp-content\/uploads\/2024\/01\/640.webp\" class=\"attachment-full size-full wp-image-570\" alt=\"\" srcset=\"https:\/\/servelectric.cl\/wp-content\/uploads\/2024\/01\/640.webp 640w, https:\/\/servelectric.cl\/wp-content\/uploads\/2024\/01\/640-300x300.webp 300w, https:\/\/servelectric.cl\/wp-content\/uploads\/2024\/01\/640-150x150.webp 150w, https:\/\/servelectric.cl\/wp-content\/uploads\/2024\/01\/640-600x600.webp 600w\" sizes=\"(max-width: 640px) 100vw, 640px\" \/><\/figure><div class=\"elementor-image-box-content\"><h3 class=\"elementor-image-box-title\">ILUMINACION LED Y KIT SOLARES<\/h3><p class=\"elementor-image-box-description\"><br>- Proyectos en iluminaci\u00f3n LED y energ\u00edas renovables.\n<br>- Kit solar 5Kw.\n<br>- Instalaci\u00f3n de Luminarias.\n<br>- Kit solar 10Kw.\n<br>\n<br>\n\n\n\n\n\n\n\n\n\n<\/p><\/div><\/div>\t\t<\/div>\n\t\t\t\t<\/div>\n\t\t\t\t<\/div>\n\t\t<div class=\"elementor-element elementor-element-d887188 e-con-full e-flex e-con e-child\" data-id=\"d887188\" data-element_type=\"container\" data-settings=\"{&quot;content_width&quot;:&quot;full&quot;}\">\n\t\t\t\t<\/div>\n\t\t\t\t\t<\/div>\n\t\t\t\t<\/div>\n\t\t\t\t<\/div>\n\t\t","protected":false},"excerpt":{"rendered":"<p>Proyectos Fotovolt\u00e1icos SERVELECTRIC, desde su nacimiento es una empresa comprometida con la conservaci\u00f3n del medio ambiente por lo que mediante nuestro servicio de instalaciones fotovoltaicas alentamos a nuestros clientes a tener una conciencia de ahorro energ\u00e9tico y conservaci\u00f3n de nuestro planeta. Importante en nuestras vidas es por eso que nuestros servicios est\u00e1n destinados a ofrecer [&hellip;]<\/p>\n","protected":false},"author":1,"featured_media":0,"parent":0,"menu_order":0,"comment_status":"closed","ping_status":"closed","template":"","meta":{"_regular_price":[],"currency_symbol":[],"footnotes":""},"post_slider_layout_featured_media_urls":{"thumbnail":"","post_slider_layout_landscape_large":"","post_slider_layout_portrait_large":"","post_slider_layout_square_large":"","post_slider_layout_landscape":"","post_slider_layout_portrait":"","post_slider_layout_square":"","full":""},"_links":{"self":[{"href":"https:\/\/servelectric.cl\/index.php\/wp-json\/wp\/v2\/pages\/54"}],"collection":[{"href":"https:\/\/servelectric.cl\/index.php\/wp-json\/wp\/v2\/pages"}],"about":[{"href":"https:\/\/servelectric.cl\/index.php\/wp-json\/wp\/v2\/types\/page"}],"author":[{"embeddable":true,"href":"https:\/\/servelectric.cl\/index.php\/wp-json\/wp\/v2\/users\/1"}],"replies":[{"embeddable":true,"href":"https:\/\/servelectric.cl\/index.php\/wp-json\/wp\/v2\/comments?post=54"}],"version-history":[{"count":135,"href":"https:\/\/servelectric.cl\/index.php\/wp-json\/wp\/v2\/pages\/54\/revisions"}],"predecessor-version":[{"id":1594,"href":"https:\/\/servelectric.cl\/index.php\/wp-json\/wp\/v2\/pages\/54\/revisions\/1594"}],"wp:attachment":[{"href":"https:\/\/servelectric.cl\/index.php\/wp-json\/wp\/v2\/media?parent=54"}],"curies":[{"name":"wp","href":"https:\/\/api.w.org\/{rel}","templated":true}]}}