{"id":62,"date":"2024-01-03T17:45:57","date_gmt":"2024-01-03T16:45:57","guid":{"rendered":"https:\/\/servelectric.cl\/?page_id=62"},"modified":"2024-02-26T18:31:50","modified_gmt":"2024-02-26T17:31:50","slug":"electricidad","status":"publish","type":"page","link":"https:\/\/servelectric.cl\/index.php\/electricidad\/","title":{"rendered":"Electricidad"},"content":{"rendered":"\t\t<div data-elementor-type=\"wp-page\" data-elementor-id=\"62\" class=\"elementor elementor-62\">\n\t\t\t\t\t\t<section class=\"elementor-section elementor-top-section elementor-element elementor-element-fe4cc74 elementor-section-full_width elementor-section-height-min-height elementor-section-items-top elementor-section-height-default\" data-id=\"fe4cc74\" data-element_type=\"section\" data-settings=\"{&quot;background_background&quot;:&quot;classic&quot;}\">\n\t\t\t\t\t\t\t<div class=\"elementor-background-overlay\"><\/div>\n\t\t\t\t\t\t\t<div class=\"elementor-container elementor-column-gap-default\">\n\t\t\t\t\t<div class=\"elementor-column elementor-col-100 elementor-top-column elementor-element elementor-element-43a3192\" data-id=\"43a3192\" data-element_type=\"column\">\n\t\t\t<div class=\"elementor-widget-wrap elementor-element-populated\">\n\t\t\t\t\t\t<section class=\"elementor-section elementor-inner-section elementor-element elementor-element-c07984f elementor-section-boxed elementor-section-height-default elementor-section-height-default\" data-id=\"c07984f\" data-element_type=\"section\">\n\t\t\t\t\t\t<div class=\"elementor-container elementor-column-gap-default\">\n\t\t\t\t\t<div class=\"elementor-column elementor-col-100 elementor-inner-column elementor-element elementor-element-0e497f1\" data-id=\"0e497f1\" data-element_type=\"column\">\n\t\t\t<div class=\"elementor-widget-wrap elementor-element-populated\">\n\t\t\t\t\t\t<div class=\"elementor-element elementor-element-89bb2a8 elementor-widget elementor-widget-heading\" data-id=\"89bb2a8\" data-element_type=\"widget\" data-widget_type=\"heading.default\">\n\t\t\t\t<div class=\"elementor-widget-container\">\n\t\t\t<style>\/*! elementor - v3.19.0 - 07-02-2024 *\/\n.elementor-heading-title{padding:0;margin:0;line-height:1}.elementor-widget-heading .elementor-heading-title[class*=elementor-size-]>a{color:inherit;font-size:inherit;line-height:inherit}.elementor-widget-heading .elementor-heading-title.elementor-size-small{font-size:15px}.elementor-widget-heading .elementor-heading-title.elementor-size-medium{font-size:19px}.elementor-widget-heading .elementor-heading-title.elementor-size-large{font-size:29px}.elementor-widget-heading .elementor-heading-title.elementor-size-xl{font-size:39px}.elementor-widget-heading .elementor-heading-title.elementor-size-xxl{font-size:59px}<\/style><h1 class=\"elementor-heading-title elementor-size-default\"><h2 class=\"elementor-heading-title elementor-size-default elementor-inline-editing pen\" data-elementor-setting-key=\"title\" data-pen-placeholder=\"Teclea aqu\u00ed...\" style=\"transition-duration: 1s;\">Electricidad<\/h2><\/h1>\t\t<\/div>\n\t\t\t\t<\/div>\n\t\t\t\t<div class=\"elementor-element elementor-element-56aa35a elementor-widget-mobile__width-inherit elementor-widget-tablet__width-inherit elementor-widget elementor-widget-text-editor\" data-id=\"56aa35a\" data-element_type=\"widget\" data-widget_type=\"text-editor.default\">\n\t\t\t\t<div class=\"elementor-widget-container\">\n\t\t\t<style>\/*! elementor - v3.19.0 - 07-02-2024 *\/\n.elementor-widget-text-editor.elementor-drop-cap-view-stacked .elementor-drop-cap{background-color:#69727d;color:#fff}.elementor-widget-text-editor.elementor-drop-cap-view-framed .elementor-drop-cap{color:#69727d;border:3px solid;background-color:transparent}.elementor-widget-text-editor:not(.elementor-drop-cap-view-default) .elementor-drop-cap{margin-top:8px}.elementor-widget-text-editor:not(.elementor-drop-cap-view-default) .elementor-drop-cap-letter{width:1em;height:1em}.elementor-widget-text-editor .elementor-drop-cap{float:left;text-align:center;line-height:1;font-size:50px}.elementor-widget-text-editor .elementor-drop-cap-letter{display:inline-block}<\/style>\t\t\t\t\t\t\t\t\t\t<\/div>\n\t\t\t\t<\/div>\n\t\t\t\t\t<\/div>\n\t\t<\/div>\n\t\t\t\t\t<\/div>\n\t\t<\/section>\n\t\t\t\t\t<\/div>\n\t\t<\/div>\n\t\t\t\t\t<\/div>\n\t\t<\/section>\n\t\t<div class=\"elementor-element elementor-element-39c0199 e-flex e-con-boxed e-con e-parent\" data-id=\"39c0199\" data-element_type=\"container\" data-settings=\"{&quot;content_width&quot;:&quot;boxed&quot;}\" data-core-v316-plus=\"true\">\n\t\t\t\t\t<div class=\"e-con-inner\">\n\t\t\t\t<div class=\"elementor-element elementor-element-abf20d6 elementor-widget elementor-widget-text-editor\" data-id=\"abf20d6\" data-element_type=\"widget\" data-widget_type=\"text-editor.default\">\n\t\t\t\t<div class=\"elementor-widget-container\">\n\t\t\t\t\t\t\t<h5 style=\"text-align: center;\"><span style=\"color: #000000;\"><strong>SERVELECTRIC<\/strong>, cuenta con un departamento de proyectos el cual se ha especializado en realizar trabajos de alta complejidad manteniendo la pol\u00edtica de impactar lo menos posible nuestro medio ambiente y ejecutando nuestras labores de manera eficiente, para esto contamos con personal especializado y altamente calificado para el desarrollo, supervisi\u00f3n y ejecuci\u00f3n de proyectos el\u00e9ctricos.\u200b<\/span><\/h5>\t\t\t\t\t\t<\/div>\n\t\t\t\t<\/div>\n\t\t\t\t\t<\/div>\n\t\t\t\t<\/div>\n\t\t<div class=\"elementor-element elementor-element-5416d67 e-con-full e-flex e-con e-parent\" data-id=\"5416d67\" data-element_type=\"container\" data-settings=\"{&quot;content_width&quot;:&quot;full&quot;}\" data-core-v316-plus=\"true\">\n\t\t<div class=\"elementor-element elementor-element-e026863 e-con-full e-flex elementor-invisible e-con e-child\" data-id=\"e026863\" data-element_type=\"container\" data-settings=\"{&quot;content_width&quot;:&quot;full&quot;,&quot;animation&quot;:&quot;pulse&quot;}\">\n\t\t<div class=\"elementor-element elementor-element-900c67b e-con-full e-flex e-con e-child\" data-id=\"900c67b\" data-element_type=\"container\" data-settings=\"{&quot;content_width&quot;:&quot;full&quot;,&quot;background_background&quot;:&quot;classic&quot;}\">\n\t\t\t\t<div class=\"elementor-element elementor-element-19e2d0d elementor-position-top elementor-widget elementor-widget-image-box\" data-id=\"19e2d0d\" data-element_type=\"widget\" data-widget_type=\"image-box.default\">\n\t\t\t\t<div class=\"elementor-widget-container\">\n\t\t\t<style>\/*! elementor - v3.19.0 - 07-02-2024 *\/\n.elementor-widget-image-box .elementor-image-box-content{width:100%}@media (min-width:768px){.elementor-widget-image-box.elementor-position-left .elementor-image-box-wrapper,.elementor-widget-image-box.elementor-position-right .elementor-image-box-wrapper{display:flex}.elementor-widget-image-box.elementor-position-right .elementor-image-box-wrapper{text-align:right;flex-direction:row-reverse}.elementor-widget-image-box.elementor-position-left .elementor-image-box-wrapper{text-align:left;flex-direction:row}.elementor-widget-image-box.elementor-position-top .elementor-image-box-img{margin:auto}.elementor-widget-image-box.elementor-vertical-align-top .elementor-image-box-wrapper{align-items:flex-start}.elementor-widget-image-box.elementor-vertical-align-middle .elementor-image-box-wrapper{align-items:center}.elementor-widget-image-box.elementor-vertical-align-bottom .elementor-image-box-wrapper{align-items:flex-end}}@media (max-width:767px){.elementor-widget-image-box .elementor-image-box-img{margin-left:auto!important;margin-right:auto!important;margin-bottom:15px}}.elementor-widget-image-box .elementor-image-box-img{display:inline-block}.elementor-widget-image-box .elementor-image-box-title a{color:inherit}.elementor-widget-image-box .elementor-image-box-wrapper{text-align:center}.elementor-widget-image-box .elementor-image-box-description{margin:0}<\/style><div class=\"elementor-image-box-wrapper\"><figure class=\"elementor-image-box-img\"><img fetchpriority=\"high\" decoding=\"async\" width=\"645\" height=\"387\" src=\"https:\/\/servelectric.cl\/wp-content\/uploads\/2024\/01\/electrical-tools-and-cables.webp\" class=\"attachment-full size-full wp-image-527\" alt=\"\" srcset=\"https:\/\/servelectric.cl\/wp-content\/uploads\/2024\/01\/electrical-tools-and-cables.webp 645w, https:\/\/servelectric.cl\/wp-content\/uploads\/2024\/01\/electrical-tools-and-cables-300x180.webp 300w, https:\/\/servelectric.cl\/wp-content\/uploads\/2024\/01\/electrical-tools-and-cables-240x145.webp 240w\" sizes=\"(max-width: 645px) 100vw, 645px\" \/><\/figure><div class=\"elementor-image-box-content\"><h3 class=\"elementor-image-box-title\">EJECUCI\u00d3N EL\u00c9CTRICA<\/h3><p class=\"elementor-image-box-description\"><br>-Instalaci\u00f3n de cableado, toma corrientes (enchufes), control y fuerza.\n<br>- Instalaci\u00f3n de luminarias y emergencia.\n<br>- Construcci\u00f3n de mallas el\u00e9ctricas de protecci\u00f3n.\n<br>- Conexionado de equipos de control y fuerza.\n<br>- Medici\u00f3n de resistividad de terreno.<\/p><\/div><\/div>\t\t<\/div>\n\t\t\t\t<\/div>\n\t\t\t\t<div class=\"elementor-element elementor-element-7de22be elementor-position-top elementor-widget elementor-widget-image-box\" data-id=\"7de22be\" data-element_type=\"widget\" data-widget_type=\"image-box.default\">\n\t\t\t\t<div class=\"elementor-widget-container\">\n\t\t\t<div class=\"elementor-image-box-wrapper\"><figure class=\"elementor-image-box-img\"><img decoding=\"async\" width=\"442\" height=\"533\" src=\"https:\/\/servelectric.cl\/wp-content\/uploads\/2024\/01\/chile-mantenimiento-electrico.png\" class=\"attachment-full size-full wp-image-525\" alt=\"\" srcset=\"https:\/\/servelectric.cl\/wp-content\/uploads\/2024\/01\/chile-mantenimiento-electrico.png 442w, https:\/\/servelectric.cl\/wp-content\/uploads\/2024\/01\/chile-mantenimiento-electrico-249x300.png 249w\" sizes=\"(max-width: 442px) 100vw, 442px\" \/><\/figure><div class=\"elementor-image-box-content\"><h3 class=\"elementor-image-box-title\">INGENIER\u00cdA EL\u00c9CTRICA<\/h3><p class=\"elementor-image-box-description\">\n<br>- Dise\u00f1o ingenieril de proyectos el\u00e9ctricos de baja y media tensi\u00f3n.\n<br>- Dibujo de planos el\u00e9ctricos y plantas en formato AWG (AutoCAD).\n<br>- Esquemas unifilares de circuitos con distribuci\u00f3n de cargas.\n<br>-Memoria t\u00e9cnica descriptiva y de calculo.\n<br>-Evaluaci\u00f3n econ\u00f3mica de costos y tiempos de evaluaci\u00f3n.\n<br>\n<br><\/p><\/div><\/div>\t\t<\/div>\n\t\t\t\t<\/div>\n\t\t\t\t<\/div>\n\t\t<div class=\"elementor-element elementor-element-51c3546 e-con-full e-flex e-con e-child\" data-id=\"51c3546\" data-element_type=\"container\" data-settings=\"{&quot;content_width&quot;:&quot;full&quot;,&quot;background_background&quot;:&quot;classic&quot;}\">\n\t\t\t\t<div class=\"elementor-element elementor-element-db3427e elementor-position-top elementor-widget elementor-widget-image-box\" data-id=\"db3427e\" data-element_type=\"widget\" data-widget_type=\"image-box.default\">\n\t\t\t\t<div class=\"elementor-widget-container\">\n\t\t\t<div class=\"elementor-image-box-wrapper\"><figure class=\"elementor-image-box-img\"><img decoding=\"async\" width=\"598\" height=\"400\" src=\"https:\/\/servelectric.cl\/wp-content\/uploads\/2024\/01\/grupo23-caceres-extremadura.png\" class=\"attachment-full size-full wp-image-494\" alt=\"\" srcset=\"https:\/\/servelectric.cl\/wp-content\/uploads\/2024\/01\/grupo23-caceres-extremadura.png 598w, https:\/\/servelectric.cl\/wp-content\/uploads\/2024\/01\/grupo23-caceres-extremadura-300x201.png 300w\" sizes=\"(max-width: 598px) 100vw, 598px\" \/><\/figure><div class=\"elementor-image-box-content\"><h3 class=\"elementor-image-box-title\">MANTENIMIENTO<\/h3><p class=\"elementor-image-box-description\"><br>- Mantenimiento preventivo y correctivo a equipos de climatizaci\u00f3n, tableros el\u00e9ctricos y l\u00edneas de tensi\u00f3n.\n<br>- Reacondicionamiento y remodelaciones de oficinas.\n<br>- Equipo de emergencia para situaciones riesgosas.\n<br>\n<br><\/p><\/div><\/div>\t\t<\/div>\n\t\t\t\t<\/div>\n\t\t\t\t<div class=\"elementor-element elementor-element-1c20532 elementor-position-top elementor-widget elementor-widget-image-box\" data-id=\"1c20532\" data-element_type=\"widget\" data-widget_type=\"image-box.default\">\n\t\t\t\t<div class=\"elementor-widget-container\">\n\t\t\t<div class=\"elementor-image-box-wrapper\"><figure class=\"elementor-image-box-img\"><img loading=\"lazy\" decoding=\"async\" width=\"384\" height=\"570\" src=\"https:\/\/servelectric.cl\/wp-content\/uploads\/2024\/01\/electricista-png-1.png\" class=\"attachment-full size-full wp-image-474\" alt=\"\" srcset=\"https:\/\/servelectric.cl\/wp-content\/uploads\/2024\/01\/electricista-png-1.png 384w, https:\/\/servelectric.cl\/wp-content\/uploads\/2024\/01\/electricista-png-1-202x300.png 202w\" sizes=\"(max-width: 384px) 100vw, 384px\" \/><\/figure><div class=\"elementor-image-box-content\"><h3 class=\"elementor-image-box-title\">OBRAS MENORES<\/h3><p class=\"elementor-image-box-description\"><br>- Excavaciones menores soterradas\n<br>- Construcci\u00f3n de nichos para medidores el\u00e9ctricos a propietarios.\n<br>- Replanteo estructural de planta y divisiones por tabiquer\u00eda.\n<br>- Canalizaci\u00f3n, cableado y puesta en marcha de circuitos el\u00e9ctricos.\n<br>- Construcci\u00f3n de c\u00e1maras subterr\u00e1neas de tipo B \u2013 C.\n<br>\n\n\n<\/p><\/div><\/div>\t\t<\/div>\n\t\t\t\t<\/div>\n\t\t\t\t<\/div>\n\t\t\t\t<\/div>\n\t\t\t\t<\/div>\n\t\t<div class=\"elementor-element elementor-element-63dada8 e-flex e-con-boxed e-con e-parent\" data-id=\"63dada8\" data-element_type=\"container\" data-settings=\"{&quot;content_width&quot;:&quot;boxed&quot;}\" data-core-v316-plus=\"true\">\n\t\t\t\t\t<div class=\"e-con-inner\">\n\t\t<div class=\"elementor-element elementor-element-ba58d4a e-con-full e-flex e-con e-child\" data-id=\"ba58d4a\" data-element_type=\"container\" data-settings=\"{&quot;content_width&quot;:&quot;full&quot;}\">\n\t\t\t\t<\/div>\n\t\t<div class=\"elementor-element elementor-element-861e14b e-con-full e-flex e-con e-child\" data-id=\"861e14b\" data-element_type=\"container\" data-settings=\"{&quot;content_width&quot;:&quot;full&quot;}\">\n\t\t\t\t<div class=\"elementor-element elementor-element-5229b0a elementor-position-top elementor-widget elementor-widget-image-box\" data-id=\"5229b0a\" data-element_type=\"widget\" data-widget_type=\"image-box.default\">\n\t\t\t\t<div class=\"elementor-widget-container\">\n\t\t\t<div class=\"elementor-image-box-wrapper\"><figure class=\"elementor-image-box-img\"><img loading=\"lazy\" decoding=\"async\" width=\"350\" height=\"600\" src=\"https:\/\/servelectric.cl\/wp-content\/uploads\/2024\/01\/ELECTRICO.png\" class=\"attachment-full size-full wp-image-526\" alt=\"\" srcset=\"https:\/\/servelectric.cl\/wp-content\/uploads\/2024\/01\/ELECTRICO.png 350w, https:\/\/servelectric.cl\/wp-content\/uploads\/2024\/01\/ELECTRICO-175x300.png 175w\" sizes=\"(max-width: 350px) 100vw, 350px\" \/><\/figure><div class=\"elementor-image-box-content\"><h3 class=\"elementor-image-box-title\">NORMALIZACI\u00d3N DE INSTALACIONES<\/h3><p class=\"elementor-image-box-description\"><br>- Certificaci\u00f3n SEC TE-1 y TE-2.\n<br>- Solicitud de empalme monof\u00e1sico\/trif\u00e1sico.\n<br>- Aumento de capacidad de empalme (medidor).\n<br>-Dise\u00f1o o actualizaci\u00f3n de red el\u00e9ctrica con plano As-Built.\n<br>\n<br>\n\n\n\n\n\n\n<\/p><\/div><\/div>\t\t<\/div>\n\t\t\t\t<\/div>\n\t\t\t\t<\/div>\n\t\t<div class=\"elementor-element elementor-element-ab1ceb2 e-con-full e-flex e-con e-child\" data-id=\"ab1ceb2\" data-element_type=\"container\" data-settings=\"{&quot;content_width&quot;:&quot;full&quot;}\">\n\t\t\t\t<\/div>\n\t\t\t\t\t<\/div>\n\t\t\t\t<\/div>\n\t\t\t\t<\/div>\n\t\t","protected":false},"excerpt":{"rendered":"<p>Electricidad SERVELECTRIC, cuenta con un departamento de proyectos el cual se ha especializado en realizar trabajos de alta complejidad manteniendo la pol\u00edtica de impactar lo menos posible nuestro medio ambiente y ejecutando nuestras labores de manera eficiente, para esto contamos con personal especializado y altamente calificado para el desarrollo, supervisi\u00f3n y ejecuci\u00f3n de proyectos el\u00e9ctricos.\u200b [&hellip;]<\/p>\n","protected":false},"author":1,"featured_media":0,"parent":0,"menu_order":0,"comment_status":"closed","ping_status":"closed","template":"","meta":{"_regular_price":[],"currency_symbol":[],"footnotes":""},"post_slider_layout_featured_media_urls":{"thumbnail":"","post_slider_layout_landscape_large":"","post_slider_layout_portrait_large":"","post_slider_layout_square_large":"","post_slider_layout_landscape":"","post_slider_layout_portrait":"","post_slider_layout_square":"","full":""},"_links":{"self":[{"href":"https:\/\/servelectric.cl\/index.php\/wp-json\/wp\/v2\/pages\/62"}],"collection":[{"href":"https:\/\/servelectric.cl\/index.php\/wp-json\/wp\/v2\/pages"}],"about":[{"href":"https:\/\/servelectric.cl\/index.php\/wp-json\/wp\/v2\/types\/page"}],"author":[{"embeddable":true,"href":"https:\/\/servelectric.cl\/index.php\/wp-json\/wp\/v2\/users\/1"}],"replies":[{"embeddable":true,"href":"https:\/\/servelectric.cl\/index.php\/wp-json\/wp\/v2\/comments?post=62"}],"version-history":[{"count":100,"href":"https:\/\/servelectric.cl\/index.php\/wp-json\/wp\/v2\/pages\/62\/revisions"}],"predecessor-version":[{"id":1615,"href":"https:\/\/servelectric.cl\/index.php\/wp-json\/wp\/v2\/pages\/62\/revisions\/1615"}],"wp:attachment":[{"href":"https:\/\/servelectric.cl\/index.php\/wp-json\/wp\/v2\/media?parent=62"}],"curies":[{"name":"wp","href":"https:\/\/api.w.org\/{rel}","templated":true}]}}